{"id":2884,"date":"2024-03-27T11:24:16","date_gmt":"2024-03-27T10:24:16","guid":{"rendered":"https:\/\/chocpiscine.com\/?post_type=product&#038;p=2884"},"modified":"2024-03-27T11:24:21","modified_gmt":"2024-03-27T10:24:21","slug":"robot-aspiration-kontiki-fluidra","status":"publish","type":"product","link":"https:\/\/chocpiscine.com\/?product=robot-aspiration-kontiki-fluidra","title":{"rendered":"Robot aspiration Kontiki &#8211; FLUIDRA"},"content":{"rendered":"<p>ROBOT ASPIRATION KONTIKI ZODIAC \u2013 FOND<br \/>\nIl dispose d&#8217;un disque \u00e0 ailerons qui lui permet de se d\u00e9placer ais\u00e9ment dans toute la piscine et de nettoyer l&#8217;int\u00e9gralit\u00e9 du fond du bassin. Le syst\u00e8me de membrane souple brevet\u00e9, s&#8217;ouvre et se referme sous l&#8217;action du d\u00e9bit d&#8217;eau, ce qui offre un nettoyage parfait en un seul passage.<br \/>\nAlimentation: hydraulique<\/p>\n<p>Dimensions maximales de la piscine: 8 x 4 m<\/p>\n<p>Longueur de c\u00e2ble (m): 8<br \/>\nMod\u00e8le: Kontiki\u2122 2<br \/>\nFiltre: sans<br \/>\nNettoyage: fond<br \/>\n Type de robot de piscine<br \/>\nrobot autonome<\/p>\n<p>Alimentation<br \/>\nhydraulique<\/p>\n<p>Type de brosse<br \/>\nsans brosse<\/p>\n<p>Connectivit\u00e9 int\u00e9gr\u00e9e<br \/>\nnon<\/p>\n<p>C\u00e2ble anti entortillement<br \/>\nnon<\/p>\n<p>Chariot<br \/>\nnon<\/p>\n<p>Gamme<br \/>\nKontiki<\/p>\n<p>Filtre<br \/>\nsans<\/p>\n<p>Double brossage<br \/>\nnon<\/p>\n<p>T\u00e9l\u00e9commande<br \/>\nnon<\/p>\n<p>Mod\u00e8le<br \/>\nKontiki\u2122 2<\/p>\n<p>Dimensions maximales de la piscine<br \/>\n8 x 4 m<\/p>\n<p>Longueur de c\u00e2ble<br \/>\n8 m<\/p>\n<p>Nettoyage<br \/>\nfond<br \/>\n R\u00e9f.fabricant : W70478<\/p>\n","protected":false},"excerpt":{"rendered":"<p>ROBOT ASPIRATION KONTIKI ZODIAC \u2013 FOND Il dispose d&#8217;un disque \u00e0 ailerons qui lui permet de se d\u00e9placer ais\u00e9ment dans [&hellip;]<\/p>\n","protected":false},"featured_media":2914,"comment_status":"open","ping_status":"closed","template":"","meta":{"site-sidebar-layout":"","site-content-layout":"","ast-site-content-layout":"","site-content-style":"","site-sidebar-style":"","ast-global-header-display":"","ast-banner-title-visibility":"","ast-main-header-display":"","ast-hfb-above-header-display":"","ast-hfb-below-header-display":"","ast-hfb-mobile-header-display":"","site-post-title":"","ast-breadcrumbs-content":"","ast-featured-img":"","footer-sml-layout":"","theme-transparent-header-meta":"","adv-header-id-meta":"","stick-header-meta":"","header-above-stick-meta":"","header-main-stick-meta":"","header-below-stick-meta":"","astra-migrate-meta-layouts":"","ast-page-background-enabled":"default","ast-page-background-meta":{"desktop":{"background-color":"var(--ast-global-color-4)","background-image":"","background-repeat":"repeat","background-position":"center center","background-size":"auto","background-attachment":"scroll","background-type":"","background-media":"","overlay-type":"","overlay-color":"","overlay-opacity":"","overlay-gradient":""},"tablet":{"background-color":"","background-image":"","background-repeat":"repeat","background-position":"center center","background-size":"auto","background-attachment":"scroll","background-type":"","background-media":"","overlay-type":"","overlay-color":"","overlay-opacity":"","overlay-gradient":""},"mobile":{"background-color":"","background-image":"","background-repeat":"repeat","background-position":"center center","background-size":"auto","background-attachment":"scroll","background-type":"","background-media":"","overlay-type":"","overlay-color":"","overlay-opacity":"","overlay-gradient":""}},"ast-content-background-meta":{"desktop":{"background-color":"var(--ast-global-color-5)","background-image":"","background-repeat":"repeat","background-position":"center center","background-size":"auto","background-attachment":"scroll","background-type":"","background-media":"","overlay-type":"","overlay-color":"","overlay-opacity":"","overlay-gradient":""},"tablet":{"background-color":"var(--ast-global-color-5)","background-image":"","background-repeat":"repeat","background-position":"center center","background-size":"auto","background-attachment":"scroll","background-type":"","background-media":"","overlay-type":"","overlay-color":"","overlay-opacity":"","overlay-gradient":""},"mobile":{"background-color":"var(--ast-global-color-5)","background-image":"","background-repeat":"repeat","background-position":"center center","background-size":"auto","background-attachment":"scroll","background-type":"","background-media":"","overlay-type":"","overlay-color":"","overlay-opacity":"","overlay-gradient":""}}},"product_brand":[],"product_cat":[78],"product_tag":[],"class_list":{"0":"post-2884","1":"product","2":"type-product","3":"status-publish","4":"has-post-thumbnail","6":"product_cat-nettoyeurs-aspiration-piscine","7":"desktop-align-left","8":"tablet-align-left","9":"mobile-align-left","11":"first","12":"instock","13":"shipping-taxable","14":"purchasable","15":"product-type-simple"},"jetpack_sharing_enabled":true,"_links":{"self":[{"href":"https:\/\/chocpiscine.com\/index.php?rest_route=\/wp\/v2\/product\/2884","targetHints":{"allow":["GET"]}}],"collection":[{"href":"https:\/\/chocpiscine.com\/index.php?rest_route=\/wp\/v2\/product"}],"about":[{"href":"https:\/\/chocpiscine.com\/index.php?rest_route=\/wp\/v2\/types\/product"}],"replies":[{"embeddable":true,"href":"https:\/\/chocpiscine.com\/index.php?rest_route=%2Fwp%2Fv2%2Fcomments&post=2884"}],"wp:featuredmedia":[{"embeddable":true,"href":"https:\/\/chocpiscine.com\/index.php?rest_route=\/wp\/v2\/media\/2914"}],"wp:attachment":[{"href":"https:\/\/chocpiscine.com\/index.php?rest_route=%2Fwp%2Fv2%2Fmedia&parent=2884"}],"wp:term":[{"taxonomy":"product_brand","embeddable":true,"href":"https:\/\/chocpiscine.com\/index.php?rest_route=%2Fwp%2Fv2%2Fproduct_brand&post=2884"},{"taxonomy":"product_cat","embeddable":true,"href":"https:\/\/chocpiscine.com\/index.php?rest_route=%2Fwp%2Fv2%2Fproduct_cat&post=2884"},{"taxonomy":"product_tag","embeddable":true,"href":"https:\/\/chocpiscine.com\/index.php?rest_route=%2Fwp%2Fv2%2Fproduct_tag&post=2884"}],"curies":[{"name":"wp","href":"https:\/\/api.w.org\/{rel}","templated":true}]}}