{"id":2903,"date":"2024-03-27T11:24:17","date_gmt":"2024-03-27T10:24:17","guid":{"rendered":"https:\/\/chocpiscine.com\/?post_type=product&#038;p=2903"},"modified":"2024-03-27T11:24:35","modified_gmt":"2024-03-27T10:24:35","slug":"balai-manuel-quick-vac-hexagone-manufacture-quick-vac-pataugeoire","status":"publish","type":"product","link":"https:\/\/chocpiscine.com\/?product=balai-manuel-quick-vac-hexagone-manufacture-quick-vac-pataugeoire","title":{"rendered":"Balai manuel Quick Vac &#8211; HEXAGONE MANUFACTURE \nQuick vac&#8217; pataugeoire"},"content":{"rendered":"<p>Pour bassins peu profonds et pataugeoires.<br \/>\nEquip\u00e9 de 4 roues pivotantes \u00e0 360\u00b0 et d&#8217;un filtre autonome, il nettoie dans les angles, aspire les grandes feuilles, stock de grandes quantit\u00e9s de sable dans son sac sans perte de puissance. 40m3\/h d&#8217;aspiration.<\/p>\n<p>2 mod\u00e8les : QUICK VAC Classic et QUICK VAC Pataugeoire \u00e0 batterie.<br \/>\n4 roues pivotantes 360\u00b0.<br \/>\nChariot de Transport.<br \/>\nPas d&#8217;amor\u00e7age.<br \/>\nAutonome.<br \/>\n3 types de filtres. Type de robot de piscine<br \/>\naspirateur manuel<\/p>\n<p>Alimentation<br \/>\nbatterie<\/p>\n<p>Type de brosse<br \/>\nsans brosse<\/p>\n<p>Connectivit\u00e9 int\u00e9gr\u00e9e<br \/>\nnon<\/p>\n<p>C\u00e2ble anti entortillement<br \/>\nnon<\/p>\n<p>Chariot<br \/>\noui<\/p>\n<p>Gamme<br \/>\nQuick vac<\/p>\n<p>Filtre<br \/>\nsac<\/p>\n<p>Position du Filtre<br \/>\nint\u00e9gr\u00e9<\/p>\n<p>Double brossage<br \/>\nnon<\/p>\n<p>T\u00e9l\u00e9commande<br \/>\nnon<br \/>\n R\u00e9f.fabricant : 66402681<br \/>\n                                Caract\u00e9ristiques :  undefined<br \/>\nQuick vac&#8217; pataugeoire   <\/p>\n","protected":false},"excerpt":{"rendered":"<p>Pour bassins peu profonds et pataugeoires. Equip\u00e9 de 4 roues pivotantes \u00e0 360\u00b0 et d&#8217;un filtre autonome, il nettoie dans [&hellip;]<\/p>\n","protected":false},"featured_media":2933,"comment_status":"open","ping_status":"closed","template":"","meta":{"site-sidebar-layout":"","site-content-layout":"","ast-site-content-layout":"","site-content-style":"","site-sidebar-style":"","ast-global-header-display":"","ast-banner-title-visibility":"","ast-main-header-display":"","ast-hfb-above-header-display":"","ast-hfb-below-header-display":"","ast-hfb-mobile-header-display":"","site-post-title":"","ast-breadcrumbs-content":"","ast-featured-img":"","footer-sml-layout":"","theme-transparent-header-meta":"","adv-header-id-meta":"","stick-header-meta":"","header-above-stick-meta":"","header-main-stick-meta":"","header-below-stick-meta":"","astra-migrate-meta-layouts":"","ast-page-background-enabled":"default","ast-page-background-meta":{"desktop":{"background-color":"var(--ast-global-color-4)","background-image":"","background-repeat":"repeat","background-position":"center center","background-size":"auto","background-attachment":"scroll","background-type":"","background-media":"","overlay-type":"","overlay-color":"","overlay-opacity":"","overlay-gradient":""},"tablet":{"background-color":"","background-image":"","background-repeat":"repeat","background-position":"center center","background-size":"auto","background-attachment":"scroll","background-type":"","background-media":"","overlay-type":"","overlay-color":"","overlay-opacity":"","overlay-gradient":""},"mobile":{"background-color":"","background-image":"","background-repeat":"repeat","background-position":"center center","background-size":"auto","background-attachment":"scroll","background-type":"","background-media":"","overlay-type":"","overlay-color":"","overlay-opacity":"","overlay-gradient":""}},"ast-content-background-meta":{"desktop":{"background-color":"var(--ast-global-color-5)","background-image":"","background-repeat":"repeat","background-position":"center center","background-size":"auto","background-attachment":"scroll","background-type":"","background-media":"","overlay-type":"","overlay-color":"","overlay-opacity":"","overlay-gradient":""},"tablet":{"background-color":"var(--ast-global-color-5)","background-image":"","background-repeat":"repeat","background-position":"center center","background-size":"auto","background-attachment":"scroll","background-type":"","background-media":"","overlay-type":"","overlay-color":"","overlay-opacity":"","overlay-gradient":""},"mobile":{"background-color":"var(--ast-global-color-5)","background-image":"","background-repeat":"repeat","background-position":"center center","background-size":"auto","background-attachment":"scroll","background-type":"","background-media":"","overlay-type":"","overlay-color":"","overlay-opacity":"","overlay-gradient":""}}},"product_brand":[],"product_cat":[78],"product_tag":[],"class_list":{"0":"post-2903","1":"product","2":"type-product","3":"status-publish","4":"has-post-thumbnail","6":"product_cat-nettoyeurs-aspiration-piscine","7":"desktop-align-left","8":"tablet-align-left","9":"mobile-align-left","11":"first","12":"outofstock","13":"shipping-taxable","14":"purchasable","15":"product-type-simple"},"jetpack_sharing_enabled":true,"_links":{"self":[{"href":"https:\/\/chocpiscine.com\/index.php?rest_route=\/wp\/v2\/product\/2903","targetHints":{"allow":["GET"]}}],"collection":[{"href":"https:\/\/chocpiscine.com\/index.php?rest_route=\/wp\/v2\/product"}],"about":[{"href":"https:\/\/chocpiscine.com\/index.php?rest_route=\/wp\/v2\/types\/product"}],"replies":[{"embeddable":true,"href":"https:\/\/chocpiscine.com\/index.php?rest_route=%2Fwp%2Fv2%2Fcomments&post=2903"}],"wp:featuredmedia":[{"embeddable":true,"href":"https:\/\/chocpiscine.com\/index.php?rest_route=\/wp\/v2\/media\/2933"}],"wp:attachment":[{"href":"https:\/\/chocpiscine.com\/index.php?rest_route=%2Fwp%2Fv2%2Fmedia&parent=2903"}],"wp:term":[{"taxonomy":"product_brand","embeddable":true,"href":"https:\/\/chocpiscine.com\/index.php?rest_route=%2Fwp%2Fv2%2Fproduct_brand&post=2903"},{"taxonomy":"product_cat","embeddable":true,"href":"https:\/\/chocpiscine.com\/index.php?rest_route=%2Fwp%2Fv2%2Fproduct_cat&post=2903"},{"taxonomy":"product_tag","embeddable":true,"href":"https:\/\/chocpiscine.com\/index.php?rest_route=%2Fwp%2Fv2%2Fproduct_tag&post=2903"}],"curies":[{"name":"wp","href":"https:\/\/api.w.org\/{rel}","templated":true}]}}