{"id":2946,"date":"2024-03-27T11:24:37","date_gmt":"2024-03-27T10:24:37","guid":{"rendered":"https:\/\/chocpiscine.com\/?post_type=product&#038;p=2946"},"modified":"2024-03-27T11:24:48","modified_gmt":"2024-03-27T10:24:48","slug":"netskim-prefiltre-jetable-boite-de-12-pieces-toucan-productions","status":"publish","type":"product","link":"https:\/\/chocpiscine.com\/?product=netskim-prefiltre-jetable-boite-de-12-pieces-toucan-productions","title":{"rendered":"Netskim pr\u00e9filtre jetable (bo\u00eete de 12 pi\u00e8ces) &#8211; TOUCAN PRODUCTIONS"},"content":{"rendered":"<p>Facilement adaptable sur tous les paniers de skimmers, avec ou sans poign\u00e9e.<br \/>\nR\u00e9alis\u00e9 avec une nouvelle fibre sp\u00e9cialement trait\u00e9e, il r\u00e9siste au chlore et aux autres produits chimiques de d\u00e9sinfection de l\u2019eau.<br \/>\nEquip\u00e9 d\u2019une double fixation dans le panier, bande \u00e9lastique pour le haut et attache plastique pour le fond du panier, il permet d\u2019\u00e9viter tous les probl\u00e8mes des refoulements lors de l\u2019arr\u00eat de la filtration.<br \/>\nLes r\u00e9sultats sont imm\u00e9diats\u00a0: entretien du bassin plus facile, am\u00e9lioration de la qualit\u00e9 de l\u2019eau, \u00e9conomie de produits chimiques, protection de la pompe et du filtre principal.<br \/>\n Gamme<br \/>\nhaut de gamme\/professionnel<\/p>\n<p>Type de mat\u00e9riel<br \/>\n\u00e9ponge gomme<br \/>\n R\u00e9f.fabricant : NETS36<\/p>\n","protected":false},"excerpt":{"rendered":"<p>Facilement adaptable sur tous les paniers de skimmers, avec ou sans poign\u00e9e. R\u00e9alis\u00e9 avec une nouvelle fibre sp\u00e9cialement trait\u00e9e, il [&hellip;]<\/p>\n","protected":false},"featured_media":2976,"comment_status":"open","ping_status":"closed","template":"","meta":{"site-sidebar-layout":"","site-content-layout":"","ast-site-content-layout":"","site-content-style":"","site-sidebar-style":"","ast-global-header-display":"","ast-banner-title-visibility":"","ast-main-header-display":"","ast-hfb-above-header-display":"","ast-hfb-below-header-display":"","ast-hfb-mobile-header-display":"","site-post-title":"","ast-breadcrumbs-content":"","ast-featured-img":"","footer-sml-layout":"","theme-transparent-header-meta":"","adv-header-id-meta":"","stick-header-meta":"","header-above-stick-meta":"","header-main-stick-meta":"","header-below-stick-meta":"","astra-migrate-meta-layouts":"","ast-page-background-enabled":"default","ast-page-background-meta":{"desktop":{"background-color":"var(--ast-global-color-4)","background-image":"","background-repeat":"repeat","background-position":"center center","background-size":"auto","background-attachment":"scroll","background-type":"","background-media":"","overlay-type":"","overlay-color":"","overlay-opacity":"","overlay-gradient":""},"tablet":{"background-color":"","background-image":"","background-repeat":"repeat","background-position":"center center","background-size":"auto","background-attachment":"scroll","background-type":"","background-media":"","overlay-type":"","overlay-color":"","overlay-opacity":"","overlay-gradient":""},"mobile":{"background-color":"","background-image":"","background-repeat":"repeat","background-position":"center center","background-size":"auto","background-attachment":"scroll","background-type":"","background-media":"","overlay-type":"","overlay-color":"","overlay-opacity":"","overlay-gradient":""}},"ast-content-background-meta":{"desktop":{"background-color":"var(--ast-global-color-5)","background-image":"","background-repeat":"repeat","background-position":"center center","background-size":"auto","background-attachment":"scroll","background-type":"","background-media":"","overlay-type":"","overlay-color":"","overlay-opacity":"","overlay-gradient":""},"tablet":{"background-color":"var(--ast-global-color-5)","background-image":"","background-repeat":"repeat","background-position":"center center","background-size":"auto","background-attachment":"scroll","background-type":"","background-media":"","overlay-type":"","overlay-color":"","overlay-opacity":"","overlay-gradient":""},"mobile":{"background-color":"var(--ast-global-color-5)","background-image":"","background-repeat":"repeat","background-position":"center center","background-size":"auto","background-attachment":"scroll","background-type":"","background-media":"","overlay-type":"","overlay-color":"","overlay-opacity":"","overlay-gradient":""}}},"product_brand":[],"product_cat":[22],"product_tag":[],"class_list":{"0":"post-2946","1":"product","2":"type-product","3":"status-publish","4":"has-post-thumbnail","6":"product_cat-materiels-dentretien","7":"desktop-align-left","8":"tablet-align-left","9":"mobile-align-left","11":"first","12":"instock","13":"shipping-taxable","14":"purchasable","15":"product-type-simple"},"jetpack_sharing_enabled":true,"_links":{"self":[{"href":"https:\/\/chocpiscine.com\/index.php?rest_route=\/wp\/v2\/product\/2946","targetHints":{"allow":["GET"]}}],"collection":[{"href":"https:\/\/chocpiscine.com\/index.php?rest_route=\/wp\/v2\/product"}],"about":[{"href":"https:\/\/chocpiscine.com\/index.php?rest_route=\/wp\/v2\/types\/product"}],"replies":[{"embeddable":true,"href":"https:\/\/chocpiscine.com\/index.php?rest_route=%2Fwp%2Fv2%2Fcomments&post=2946"}],"wp:featuredmedia":[{"embeddable":true,"href":"https:\/\/chocpiscine.com\/index.php?rest_route=\/wp\/v2\/media\/2976"}],"wp:attachment":[{"href":"https:\/\/chocpiscine.com\/index.php?rest_route=%2Fwp%2Fv2%2Fmedia&parent=2946"}],"wp:term":[{"taxonomy":"product_brand","embeddable":true,"href":"https:\/\/chocpiscine.com\/index.php?rest_route=%2Fwp%2Fv2%2Fproduct_brand&post=2946"},{"taxonomy":"product_cat","embeddable":true,"href":"https:\/\/chocpiscine.com\/index.php?rest_route=%2Fwp%2Fv2%2Fproduct_cat&post=2946"},{"taxonomy":"product_tag","embeddable":true,"href":"https:\/\/chocpiscine.com\/index.php?rest_route=%2Fwp%2Fv2%2Fproduct_tag&post=2946"}],"curies":[{"name":"wp","href":"https:\/\/api.w.org\/{rel}","templated":true}]}}