{"id":3249,"date":"2024-03-29T11:07:26","date_gmt":"2024-03-29T10:07:26","guid":{"rendered":"https:\/\/chocpiscine.com\/?post_type=product&#038;p=3249"},"modified":"2024-03-29T11:08:52","modified_gmt":"2024-03-29T10:08:52","slug":"anti-algues-liquide-hth-kleral-5l","status":"publish","type":"product","link":"https:\/\/chocpiscine.com\/?product=anti-algues-liquide-hth-kleral-5l","title":{"rendered":"Anti-algues liquide hth KLERAL 5L"},"content":{"rendered":"<p>Une piscine envahie par une fr\u00e9quentation importante de baigneurs peut rapidement se retrouver infect\u00e9e.<br \/>\nIl en r\u00e9sulte alors l&#8217;apparition de micro-organismes, voire la formation d&#8217;algues au fond du bassin ou sur les parois.<\/p>\n<p>Mais heureusement, il existe des produits de traitement de l&#8217;eau de piscine comme <strong>hth KLERA<\/strong>L<strong>\u00a0liquide<\/strong> !<\/p>\n<p>Con\u00e7u sp\u00e9cifiquement pour les piscines tr\u00e8s agit\u00e9es, <strong>hth KLERAL<\/strong>\u00a0d\u00e9truit efficacement les algues et agit \u00e9galement comme un pr\u00e9ventif : il pr\u00e9vient alors la r\u00e9apparition de ces algues.<\/p>\n<p>Hormis sa capacit\u00e9 \u00e0 d\u00e9truire les algues, <strong>hth KLERAL<\/strong>\u00a0clarifie l&#8217;eau de piscine afin de la rendre plus limpide.<\/p>\n<p>Le plus de ce produit r\u00e9side enfin dans la durabilit\u00e9 de son efficacit\u00e9 m\u00eame en cas de pH instable. Ne craignez plus les d\u00e9gradations de votre \u00e9quipement.<\/p>\n<p><strong>Dosage standard :<br \/>\n<\/strong>A la mise en service = 200 ml pour 10 m3 d&#8217;eau<br \/>\nchaque semaine = 100 ml pour 10 m3 d&#8217;eau<br \/>\ncuratif = 400 ml pour 10 m3 d&#8217;eau<\/p>\n","protected":false},"excerpt":{"rendered":"<p>Une piscine envahie par une fr\u00e9quentation importante de baigneurs peut rapidement se retrouver infect\u00e9e. Il en r\u00e9sulte alors l&#8217;apparition de [&hellip;]<\/p>\n","protected":false},"featured_media":3250,"comment_status":"open","ping_status":"closed","template":"","meta":{"site-sidebar-layout":"default","site-content-layout":"","ast-site-content-layout":"default","site-content-style":"default","site-sidebar-style":"default","ast-global-header-display":"","ast-banner-title-visibility":"","ast-main-header-display":"","ast-hfb-above-header-display":"","ast-hfb-below-header-display":"","ast-hfb-mobile-header-display":"","site-post-title":"","ast-breadcrumbs-content":"","ast-featured-img":"","footer-sml-layout":"","theme-transparent-header-meta":"","adv-header-id-meta":"","stick-header-meta":"","header-above-stick-meta":"","header-main-stick-meta":"","header-below-stick-meta":"","astra-migrate-meta-layouts":"default","ast-page-background-enabled":"default","ast-page-background-meta":{"desktop":{"background-color":"var(--ast-global-color-4)","background-image":"","background-repeat":"repeat","background-position":"center center","background-size":"auto","background-attachment":"scroll","background-type":"","background-media":"","overlay-type":"","overlay-color":"","overlay-opacity":"","overlay-gradient":""},"tablet":{"background-color":"","background-image":"","background-repeat":"repeat","background-position":"center center","background-size":"auto","background-attachment":"scroll","background-type":"","background-media":"","overlay-type":"","overlay-color":"","overlay-opacity":"","overlay-gradient":""},"mobile":{"background-color":"","background-image":"","background-repeat":"repeat","background-position":"center center","background-size":"auto","background-attachment":"scroll","background-type":"","background-media":"","overlay-type":"","overlay-color":"","overlay-opacity":"","overlay-gradient":""}},"ast-content-background-meta":{"desktop":{"background-color":"var(--ast-global-color-5)","background-image":"","background-repeat":"repeat","background-position":"center center","background-size":"auto","background-attachment":"scroll","background-type":"","background-media":"","overlay-type":"","overlay-color":"","overlay-opacity":"","overlay-gradient":""},"tablet":{"background-color":"var(--ast-global-color-5)","background-image":"","background-repeat":"repeat","background-position":"center center","background-size":"auto","background-attachment":"scroll","background-type":"","background-media":"","overlay-type":"","overlay-color":"","overlay-opacity":"","overlay-gradient":""},"mobile":{"background-color":"var(--ast-global-color-5)","background-image":"","background-repeat":"repeat","background-position":"center center","background-size":"auto","background-attachment":"scroll","background-type":"","background-media":"","overlay-type":"","overlay-color":"","overlay-opacity":"","overlay-gradient":""}}},"product_brand":[],"product_cat":[19],"product_tag":[90],"class_list":{"0":"post-3249","1":"product","2":"type-product","3":"status-publish","4":"has-post-thumbnail","6":"product_cat-traitement-piscine","7":"product_tag-algue","8":"desktop-align-left","9":"tablet-align-left","10":"mobile-align-left","12":"first","13":"instock","14":"featured","15":"shipping-taxable","16":"purchasable","17":"product-type-simple"},"jetpack_sharing_enabled":true,"_links":{"self":[{"href":"https:\/\/chocpiscine.com\/index.php?rest_route=\/wp\/v2\/product\/3249","targetHints":{"allow":["GET"]}}],"collection":[{"href":"https:\/\/chocpiscine.com\/index.php?rest_route=\/wp\/v2\/product"}],"about":[{"href":"https:\/\/chocpiscine.com\/index.php?rest_route=\/wp\/v2\/types\/product"}],"replies":[{"embeddable":true,"href":"https:\/\/chocpiscine.com\/index.php?rest_route=%2Fwp%2Fv2%2Fcomments&post=3249"}],"wp:featuredmedia":[{"embeddable":true,"href":"https:\/\/chocpiscine.com\/index.php?rest_route=\/wp\/v2\/media\/3250"}],"wp:attachment":[{"href":"https:\/\/chocpiscine.com\/index.php?rest_route=%2Fwp%2Fv2%2Fmedia&parent=3249"}],"wp:term":[{"taxonomy":"product_brand","embeddable":true,"href":"https:\/\/chocpiscine.com\/index.php?rest_route=%2Fwp%2Fv2%2Fproduct_brand&post=3249"},{"taxonomy":"product_cat","embeddable":true,"href":"https:\/\/chocpiscine.com\/index.php?rest_route=%2Fwp%2Fv2%2Fproduct_cat&post=3249"},{"taxonomy":"product_tag","embeddable":true,"href":"https:\/\/chocpiscine.com\/index.php?rest_route=%2Fwp%2Fv2%2Fproduct_tag&post=3249"}],"curies":[{"name":"wp","href":"https:\/\/api.w.org\/{rel}","templated":true}]}}